{"id":1181,"date":"2019-12-05T09:55:23","date_gmt":"2019-12-05T07:55:23","guid":{"rendered":"http:\/\/www.4morefriends.de\/?page_id=1181"},"modified":"2025-08-13T17:50:30","modified_gmt":"2025-08-13T15:50:30","slug":"home","status":"publish","type":"page","link":"https:\/\/www.4morefriends.de\/","title":{"rendered":"Musik, die verbindet. Momente, die bleiben."},"content":{"rendered":"\n<p>Egal ob laue Sommernacht auf einer gro\u00dfen Open-Air-B\u00fchne, der sch\u00f6nste Tag im Leben eines Brautpaars, eine festliche Weihnachtsfeier oder ein runder Geburtstag \u2013 <strong>4 more friends<\/strong> finden immer den richtigen Ton. Dank einer vielseitigen Songauswahl und der Erfahrung aus unz\u00e4hligen Auftritten wird jeder Abend zu einem unvergesslichen Erlebnis.<\/p>\n\n\n\n<p>Was uns besonders macht?<br>100 % live. 100 % authentisch. Jeder Ton, jede Stimme, jede Emotion entsteht im Moment \u2013 ohne Playback, ohne Tricks. Alle vier Musiker singen und sorgen mit mehrstimmigen Arrangements f\u00fcr G\u00e4nsehaut.<\/p>\n\n\n\n<p><\/p>\n\n\n\n<p><\/p>\n","protected":false},"excerpt":{"rendered":"<p>Egal ob laue Sommernacht auf einer gro\u00dfen Open-Air-B\u00fchne, der sch\u00f6nste Tag im Leben eines Brautpaars, eine festliche Weihnachtsfeier oder ein runder Geburtstag \u2013 4 more friends finden immer den richtigen Ton. Dank einer vielseitigen Songauswahl und der Erfahrung aus unz\u00e4hligen Auftritten wird jeder Abend zu einem unvergesslichen Erlebnis. Was uns besonders macht?100 % live. 100 [&hellip;]<\/p>\n","protected":false},"author":1,"featured_media":0,"parent":0,"menu_order":0,"comment_status":"closed","ping_status":"closed","template":"","meta":{"_monsterinsights_skip_tracking":false,"_monsterinsights_sitenote_active":false,"_monsterinsights_sitenote_note":"","_monsterinsights_sitenote_category":0,"footnotes":""},"_links":{"self":[{"href":"https:\/\/www.4morefriends.de\/index.php?rest_route=\/wp\/v2\/pages\/1181"}],"collection":[{"href":"https:\/\/www.4morefriends.de\/index.php?rest_route=\/wp\/v2\/pages"}],"about":[{"href":"https:\/\/www.4morefriends.de\/index.php?rest_route=\/wp\/v2\/types\/page"}],"author":[{"embeddable":true,"href":"https:\/\/www.4morefriends.de\/index.php?rest_route=\/wp\/v2\/users\/1"}],"replies":[{"embeddable":true,"href":"https:\/\/www.4morefriends.de\/index.php?rest_route=%2Fwp%2Fv2%2Fcomments&post=1181"}],"version-history":[{"count":19,"href":"https:\/\/www.4morefriends.de\/index.php?rest_route=\/wp\/v2\/pages\/1181\/revisions"}],"predecessor-version":[{"id":1298,"href":"https:\/\/www.4morefriends.de\/index.php?rest_route=\/wp\/v2\/pages\/1181\/revisions\/1298"}],"wp:attachment":[{"href":"https:\/\/www.4morefriends.de\/index.php?rest_route=%2Fwp%2Fv2%2Fmedia&parent=1181"}],"curies":[{"name":"wp","href":"https:\/\/api.w.org\/{rel}","templated":true}]}}