{"id":37,"date":"2013-08-30T23:33:06","date_gmt":"2013-08-30T21:33:06","guid":{"rendered":"http:\/\/www.4morefriends.de\/?page_id=37"},"modified":"2024-08-19T19:21:20","modified_gmt":"2024-08-19T17:21:20","slug":"referenzen","status":"publish","type":"page","link":"https:\/\/www.4morefriends.de\/?page_id=37","title":{"rendered":"Referenzen"},"content":{"rendered":"<p><strong>Referenzen:<\/strong><\/p>\n<p>Ganz aktuelle Referenzen:<\/p>\n<ul>\n<li>Bj\u00f6rn Steiger Stiftung<\/li>\n<li>Hochdorfer Kronenbrauerei (Brauereifest)<\/li>\n<li>SV Affst\u00e4tt (Stadtfest Herrenberg)<\/li>\n<li>Freiwillige Feuerwehr G\u00e4ufelden (Feuerwehrfest)<\/li>\n<li>TV Nebringen (Jubil\u00e4um)<\/li>\n<li>Hofgut Dom\u00e4ne Hechingen<\/li>\n<li>Weinlaube Ludwigsburg<\/li>\n<li>Barista Herrenberg<\/li>\n<li>Pappelgarten Reutlingen<\/li>\n<\/ul>\n<p><em>Unsere zufriedenen Veranstaltungspartner (Long-List):<\/em><\/p>\n<p>After-Work-Party Herrenberg<\/p>\n<p>Charity-Gala, Herrenberg<\/p>\n<p>Filderkrautfest Echterdingen<\/p>\n<p>Stadtfest Stuttgart<\/p>\n<p>Stadtfest Herrenberg<\/p>\n<p>Stadtfest B\u00f6blingen<\/p>\n<p>Stadtfest Echterdingen<\/p>\n<p>Wirtefest N\u00fcrtingen<\/p>\n<p>Fa. Comsoft, Karlsruhe<\/p>\n<p>Kronenbrauerei Hochdorf, &#8222;Hopfenfest&#8220;<\/p>\n<p>Gartenschau Sigmaringen<\/p>\n<p>10 Jahre Meisterland Holzgerlingen<\/p>\n<p>LDT Nagold<\/p>\n<p>Handwerkskammer Stuttgart<\/p>\n<p>Weinlaube Ludwigsburg<\/p>\n<p>VFL Sindelfingen<\/p>\n<p>Lauffener Weing\u00e4rtner &#8211; K\u00e4sbergfest<\/p>\n<p>Pferdemarkt Leonberg<\/p>\n<p>Musikverein \u00d6schelbronn (Aspenfest)<\/p>\n<p>Musikverein Simmozheim (Schlacht- und Truckerfest)<\/p>\n<p>Polarnacht B\u00f6blingen<\/p>\n<p>Schlemmermarkt Sindelfingen<\/p>\n<p>Fischmarkt Sindelfingen<\/p>\n<p>Schlemmen am See B\u00f6blingen<\/p>\n<p>Sibylle H. &#8222;AzurSpace&#8220; nach dem Mitarbeiterfest<\/p>\n<p>&#8222;Wir m\u00f6chten uns auch recht herzlich f\u00fcr den gelungenen Abend bei Ihnen bedanken. Unsere Mitarbeiter hatten auch sehr viel Spa\u00df.<br \/>\nFalls sich wieder einmal die Gelegenheit ergibt, w\u00fcrden wir Sie gerne wieder engagieren. Sie haben es geschafft unsere Tanzmuffel zu aktivieren, was bei Firmenfeiern ja nicht immer einfach ist.<\/p>\n<p>Viele Gr\u00fc\u00dfe und mit den besten W\u00fcnschen&#8220;<\/p>\n<p>&#8212;&#8212;&#8212;&#8212;&#8212;&#8212;&#8212;&#8212;&#8212;&#8212;&#8212;&#8212;&#8212;<\/p>\n<p>Jochen Tille von &#8222;Life Plus&#8220;<\/p>\n<p>&#8222;Ich habe f\u00fcr unsere Jahresauftakt Veranstaltung von Lifeplus spontan<br \/>\ndie &#8222;4 more friends&#8220; bekommen k\u00f6nnen. Die Party war dann am Abend in der Dom\u00e4ne in Hechingen mit 200 Menschen!!<br \/>\nAlso es war ein Gl\u00fccksgriff !! Einmalige, handgemachte Musik vom Allerfeinsten.<br \/>\nAlle, aber auch alle, waren restlos begeistert. Ihr habt das richtig geil gemacht, halt Vollblut Musiker mit HERZ. Danke euch, im Namen von 200 Menschen, f\u00fcr den wunderbaren Abend !! Passt mir auf die Jule auf, das ist ein Goldst\u00fcck !!<\/p>\n<p>Viele liebe Gr\u00fc\u00dfe immer euer Fan<\/p>\n<p>Jochen Tille<\/p>\n<p>&#8212;&#8212;&#8212;&#8212;&#8212;&#8212;&#8212;&#8212;&#8212;&#8212;&#8212;&#8212;&#8212;<\/p>\n<p>Timo Sch\u00e4uble von der Narrenzunft \u00dchlingen<br \/>\n&#8222;Unser gro\u00dfes Festwochenende ist nun vorbei und ich habe endlich Zeit mich geb\u00fchrend bei dir bzw. Euch zu bedanken. Es war ein gro\u00dfartiger Abend an dem die Musik [&#8230;] in den h\u00f6chsten T\u00f6nen gelobt wurde. Wir werden euch stets weiterempfehlen und sicher noch das ein oder andere finden :)&#8220;<\/p>\n<p>&#8212;&#8212;&#8212;&#8212;&#8212;&#8212;&#8212;&#8212;&#8212;&#8212;&#8212;&#8212;&#8212;<\/p>\n<p>Verlagsleiter und Chefredakteur Hans-J\u00f6rg Z\u00fcrn nach der 125 Jahres Jubil\u00e4umsparty der SZ\/BZ:<br \/>\n&#8222;4 more friends rocken die SZ\/BZ-Soccer-Arena &#8211; im Centercourt heizte die Band den Mitarbeitern des R\u00f6hm-Verlags so richtig ein bei der Party &#8222;125 Jahre Sindelfinger Zeitung\/B\u00f6blinger Zeitung&#8220;. Ob Klassik-Rock, Schlagerrunde oder aktuelle Charts, die Band traf mit ihrem gro\u00dfen Repertoire immer genau die Stimmung. Ein klasse Auftritt.&#8220;<\/p>\n<p>&#8212;&#8212;&#8212;&#8212;&#8212;&#8212;&#8212;&#8212;&#8212;&#8212;&#8212;&#8212;&#8212;<br \/>\nJulia und Johannes F. am Wochenende nach einer wunderbaren Hochzeit<br \/>\n&#8222;Ihr habt aus unserer Hochzeit eine rauschendes Fest gemacht. Unsere G\u00e4ste und wir waren begeistert, haben uns die F\u00fc\u00dfe wund getanzt und begeistert mitgesungen! Daf\u00fcr nochmal ein herzliches Dankesch\u00f6n! Macht weiter so, ihr seid die Besten!&#8220;<\/p>\n<p>&#8212;&#8212;&#8212;&#8212;&#8212;&#8212;&#8212;&#8212;&#8212;&#8212;&#8212;&#8212;&#8212;<br \/>\nErika und Rainer Hitzler am Wochenende nach einer wunderbaren Hochzeit<br \/>\n&#8222;Hallo \u201c4 more friends\u201d. Nochmal gro\u00dfes Lob f\u00fcr die tolle Musik, die Superstimmung, den ganzen Auftritt am Abend und speziell auch in der Kirche die Darbietung zur Trauung von Jenny und Andreas. Ihr habt zu einer wundersch\u00f6nen Hochzeit einen gro\u00dfen Teil beigetragen. Vielen Dank daf\u00fcr von den stolzen Brauteltern Erika und Rainer.&#8220;<\/p>\n<p>&#8212;&#8212;&#8212;&#8212;&#8212;&#8212;&#8212;&#8212;&#8212;&#8212;&#8212;&#8212;&#8212;<br \/>\nManne H\u00e4mmerle, <a title=\"Manne\u00b4s Bierstadel Sindelfingen\" href=\"http:\/\/www.bierstadel.de\" target=\"_blank\" rel=\"noopener\"> Manne`s Bierstadel <\/a> und Mitorganisator Fischmarkt \/ Schlemmermarkt:<\/p>\n<p>&#8222;Hi Chris, ich hoffe Ihr hattet Spass am Schlemmermarkt. Kompliment: Ihr macht Hammer Musik. Viel Erfolg in Stuttgart auf dem Sommerfest und Gr\u00fcsse an die anderen<\/p>\n<p>Manne&#8220;<\/p>\n<p>&#8212;&#8212;&#8212;&#8212;&#8212;&#8212;&#8212;&#8212;&#8212;&#8212;&#8212;&#8212;&#8212;<\/p>\n<p>Sonja Liewer, Uniklinik T\u00fcbingen:<\/p>\n<p>&#8222;Liebe Julia, lieber Chris, Lorant und Michael,<\/p>\n<p>am 19.07.2014 habt Ihr bei unserem 8. T\u00fcbinger Transplantierten Treffen gespielt.<br \/>\nDen Patienten und Angeh\u00f6rigen, \u00c4rzten und dem Klinikpersonal hat Eure<br \/>\nMusik super gefallen und alle waren restlos begeistert. Ich habe an diesem Tag und in der folgenden Woche so viele R\u00fcckmeldungen<br \/>\nwie noch nie zu einer Band erhalten: Einige will ich stellvertretend an Euch weitergeben:<br \/>\n&#8211; die beste Band, die je bei diesem Fest gespielt hat&#8230;<br \/>\n&#8211; die Band hat einfach nur geniale Musik gemacht&#8230;.<br \/>\n&#8211; Sensationelle Musik und Musiker&#8230;.<br \/>\n&#8211; super klasse Stimmung&#8230;<br \/>\nIch k\u00f6nnte mit all den R\u00fcckmeldungen noch viele Seiten f\u00fcllen \ud83d\ude42<br \/>\nAn dieser Stelle m\u00f6chte ich mich f\u00fcr Eurer tolles Engagement bedanken.<br \/>\nIhr habt diesen Tag wirklich toll begleitet und ein St\u00fcck dazu beigetragen,<br \/>\ndass die Patienten sich wohlgef\u00fchlt haben und sicher gerne an den Tag<br \/>\nzur\u00fcckdenken.<br \/>\nDaf\u00fcr nochmals vielen herzlichen Dank.<\/p>\n<p>Herzliche Gr\u00fc\u00dfe<br \/>\nSonja Liewer&#8220;<\/p>\n<p>&#8212;&#8212;&#8212;&#8212;&#8212;&#8212;&#8212;&#8212;&#8212;&#8212;&#8212;&#8212;&#8212;<\/p>\n<p>Patrick B. nach der &#8222;30er-Party&#8220; in Nordheim am 26.4.2014:<\/p>\n<p>&#8222;Vielen, vielen Dank an Euch f\u00fcr den tollen Abend! Es war alles perfekt: Super Songauswahl, volle Tanzfl\u00e4che, eine unglaubliche Stimmung &#8211; kurzum die Festhalle in Nordheim hat Dank Euch gebebt!!! So wird man doch gerne 30!&#8220;<\/p>\n<p>&#8212;&#8212;&#8212;&#8212;&#8212;&#8212;&#8212;&#8212;&#8212;&#8212;&#8212;&#8212;&#8212;<\/p>\n<p>Martina Mohr schrieb uns nach dem Abschlussball am 31.1.2014 des LDT Nagold &#8211; Akademie f\u00fcr Mode-Management:<\/p>\n<p>&#8222;Der Saal mit unseren Studenten und deren Eltern war restlos begeistert. Nach dem ersten Lied war die Tanzfl\u00e4che voll. Es geh\u00f6rt viel dazu, den Stimmungsbogen hoch zu halten, aber die &#8222;4 more friends&#8220; haben das den ganzen Abend geschafft! Ein gro\u00dfes Dankesch\u00f6n!&#8220;<\/p>\n<p>&#8212;&#8212;&#8212;&#8212;&#8212;&#8212;&#8212;&#8212;&#8212;&#8212;&#8212;&#8212;&#8212;<\/p>\n<p>Katrin Sinn von den Lauffener Weing\u00e4rtnern\u00a0 nach dem &#8222;Herbstevent in Mundelsheim&#8220;<\/p>\n<p>&#8222;Wir waren total begeistert und super zufrieden mit eurem Auftritt ! Musikauswahl und Stimmung waren wie erwartet super klasse !!<br \/>\nGerne immer wieder !!! &#8220;<\/p>\n<p>&#8212;&#8212;&#8212;&#8212;&#8212;&#8212;&#8212;&#8212;&#8212;&#8212;&#8212;&#8212;&#8212;<\/p>\n<p>Miriam Schmitt von der Handwerkskammer Stuttgart nach der &#8222;Gesellenbrief\u00fcbergabe&#8220;<\/p>\n<p>&#8222;Danke auch nochmal f\u00fcr den supertollen Auftritt! Sie kamen bei unseren G\u00e4sten super an und wurden in unserem Fragebogen zum Abend insgesamt sogar mit einem Durchschnitt von 1,5 bewertet. Aber auch uns hat der Abend super gefallen. Bei passender Gelegenheit kommen wir gerne wieder auf Sie zu.&#8220;<\/p>\n<p>&#8212;&#8212;&#8212;&#8212;&#8212;&#8212;&#8212;&#8212;&#8212;&#8212;&#8212;&#8212;&#8212;<\/p>\n<p>Sandy M. nach der Geburtstagsfeier f\u00fcr Ihre Mutter<\/p>\n<p>\u201eEuer Auftritt war kurz und knapp: SPITZE. Auch all unsere G\u00e4ste waren sehr begeistert und haben noch am Sonntag von Euch geschw\u00e4rmt. Nicht nur die Lieder, der Gesang und die Stimmung waren perfekt f\u00fcr Mamas 60. Geburtstag. Vor allem fanden wir super, wie gut Ihr auf das Publikum eingegangen seid. Ihr habt alle mit einbezogen und so war es ein famili\u00e4res Miteinander.<br \/>\nWir werden Euch auf jeden Fall weiterempfehlen und hoffen Euch bald wieder spielen und singen zu h\u00f6ren.\u201c<\/p>\n<p>&#8212;&#8212;&#8212;&#8212;&#8212;&#8212;&#8212;&#8212;&#8212;&#8212;&#8212;&#8212;&#8212;<\/p>\n<p>Heiner B. nach seinem 60. Geburtstag am 27.9.2013:<\/p>\n<p>&#8222;Hallo Chris,<\/p>\n<p>Ihr seid einfach Spitze, wie alle meine Festbesucher mir bescheinigten. Ohne Euch w\u00e4re mein Fest nur halb so toll geworden. Es war so, wie ich es mir vorgestellt hatte. Vielen Dank.<\/p>\n<p>Dein Heiner.&#8220;<\/p>\n<p>&#8212;&#8212;&#8212;&#8212;&#8212;&#8212;&#8212;&#8212;&#8212;&#8212;&#8212;&#8212;&#8212;<\/p>\n<p>Florian R. hat uns auf Facebook folgende Nachricht nach seiner Hochzeit am 21.9.2013 hinterlassen:<\/p>\n<p>&#8222;Was f\u00fcr ein sensationeller Auftritt von Euch am Samstag bei unserer Hochzeit&#8230; vielen lieben Dank nochmal f\u00fcr den unvergesslichen Abend, die G\u00e4ste waren alle begeistert!&#8220;<\/p>\n<p>&#8212;&#8212;&#8212;&#8212;&#8212;&#8212;&#8212;&#8212;&#8212;&#8212;&#8212;&#8212;&#8212;<\/p>\n<p>Manfred Wanner von der Holzgerlinger Meisterland eG schrieb uns am 18.9.2013:<br \/>\n&#8222;Wir hatten riesigen Spa\u00df bei der Meisterland-Hocketse zum 10-j\u00e4hrigen Bestehen der Genossenschaft. Die Band &#8222;4 more friends&#8220; mit Julia Gerlach hat einen &#8222;Klasse-Job&#8220; gemacht und unter den Besuchern weitere Freunde gewonnen. Macht weiter so, dann gibt es sicher ein Wiedersehen in Holzgerlingen.&#8220;<\/p>\n<p>&#8212;&#8212;&#8212;&#8212;&#8212;&#8212;&#8212;&#8212;&#8212;&#8212;&#8212;&#8212;&#8212;<\/p>\n<p>Der SV Afst\u00e4tt schreibt auf seiner Webseite nach dem Stadtfest in Herrenberg 19.7.2013:<\/p>\n<p>&#8222;Herrliches Sommerwetter an allen 3 Tagen bescherte dem SV Affst\u00e4tt ein rundum gelungenes Stadtfest. Am Freitagabend ab 19 Uhr spielten \u201e4-More-Friends\u201c (mit Julia Gerlach) und begeisterten mit ihren Cover-Songs die zahlreichen Zuschauer. Diese konnten es sich bei sommerlichen Temperaturen bis Mitternacht bei gek\u00fchlten Getr\u00e4nken und Gegrilltem gut gehen lassen.&#8220;<\/p>\n<p>&#8212;&#8212;&#8212;&#8212;&#8212;&#8212;&#8212;&#8212;&#8212;&#8212;&#8212;&#8212;&#8212;<\/p>\n<p>Manuela M\u00fcller-Ferl, Stadtverwaltung B\u00f6blingen nach dem Mitarbeiterfest<\/p>\n<p>&#8222;Liebe 4-more-friends,<\/p>\n<p>suuuuuuuuper, ihr ward einfach nur super. Vielen, vielen Dank f\u00fcr eure Unterhaltung.<br \/>\nEuer Programm hat dem ganzen Bild einen glanzvollen Rahmen gegeben.<br \/>\nDie R\u00fcckmeldungen der KollegInnen gingen von &#8217;super&#8216;, &#8218;einfach nur sch\u00f6n&#8216; bis hin zu &#8218;genial&#8216;.<\/p>\n<p>Das Festkomitee \ud83d\ude42 m\u00f6chte sich auf diesem Wege noch mal ganz herzlich bei 4-more-friends bedanken!!!<br \/>\nHerzliche Gr\u00fc\u00dfe Manu&#8220;<\/p>\n<p>&#8212;&#8212;&#8212;&#8212;&#8212;&#8212;&#8212;&#8212;&#8212;&#8212;&#8212;&#8212;&#8212;<\/p>\n<p>Justine Kleindienst, Fa. Comsoft nach dem Mitarbeiterfest<\/p>\n<p>&#8222;Hallo Herr Seeger,<\/p>\n<p>auf diesem Weg m\u00f6chten wir uns nochmals herzlich bei Ihnen bedanken.<br \/>\nMit Ihrem tollen musikalischen Beitrag haben Sie ma\u00dfgeblich zu einem sehr gelungenen Sommerfest beigetragen.<br \/>\nDas Lob unserer G\u00e4ste m\u00f6chten wir daher sehr gerne an Sie weitergeben.<\/p>\n<p>Sie haben f\u00fcr super Stimmung gesorgt.<\/p>\n<p>Vielen Dank an Sie und Ihre Band-Kollegen f\u00fcr ein rundum gelungenes Fest.<\/p>\n<p>Viele Gr\u00fc\u00dfe<br \/>\nJustine Kleindienst&#8220;<\/p>\n<p>&#8212;&#8212;&#8212;&#8212;&#8212;&#8212;&#8212;&#8212;&#8212;&#8212;&#8212;&#8212;&#8212;<\/p>\n<p>Klaus-Friedrich Schneider nach der KFS-Studio Session<\/p>\n<p>&#8222;Hallo Chris, liebe &#8222;4 more friends&#8220;<br \/>\nEuer Auftritt am 3. Mai im KFS STUDIO war wirklich wieder etwas ganz besonderes. Ich kenne Euch jetzt schon eine ganze Weile und habe Euch schon mehrfach spielen gesehen. Aber es ist immer wieder toll zu erleben, mit welchem Engagement und welcher Freude und Energie Ihr Eure Auftritte zum H\u00f6hepunkt macht. Unsere mehr als 100 G\u00e4ste waren jedenfalls alle begeistert und ich glaube, die meisten sind am Freitag gerne bis zum Ende geblieben. Von diesem Event wird man noch lange positiv sprechen.<br \/>\nDanke<\/p>\n<p>Das KFS STUDIO Team&#8220;<br \/>\n&#8212;&#8212;&#8212;&#8212;&#8212;&#8212;&#8212;&#8212;&#8212;&#8212;&#8212;&#8212;&#8212;<\/p>\n<p>Andreas K. in einer Mail nach seinem 50. Geburtstag:<\/p>\n<p>&#8222;Hallo Chris,<br \/>\nnochmal mit einem Tag Abstand ein ganz, ganz riesiges Dankesch\u00f6n an Euch! Es gab nur begeisterte Kommentare sowohl von Leuten die Euch schon in anderer Besetzung \ud83d\ude09 gesehen haben, als auch von denen, die euch bisher nicht kannten. F\u00fcr mich sind Julia und Du das, was die Band ausmacht und ich denke ihr habt euch unter dem neuen Namen verst\u00e4rkt. ich h\u00e4tte mir nie tr\u00e4umen lassen, dass fast alle meiner G\u00e4ste bis 2 Uhr da bleiben und dann noch geschlossen auf der Tanzfl\u00e4che sind. Da waren wirklich einige noch da, die sonst viel fr\u00fcher den Abflug machen, geschweige denn mittanzen. [&#8230;]<br \/>\nYou&#8217;ve made my day special!<br \/>\nAndreas&#8220;<\/p>\n<p>Referenzen:<\/p>\n<p>After-Work-Party Herrenberg<\/p>\n<p>Charity-Gala, Herrenberg<\/p>\n<p>Filderkrautfest Echterdingen<\/p>\n<p>Stadtfest Stuttgart<\/p>\n<p>Stadtfest Herrenberg<\/p>\n<p>Stadtfest B\u00f6blingen<\/p>\n<p>Stadtfest Echterdingen<\/p>\n<p>Wirtefest N\u00fcrtingen<\/p>\n<p>Fa. Comsoft, Karlsruhe<\/p>\n<p>Kronenbrauerei Hochdorf, &#8222;Hopfenfest&#8220;<\/p>\n<p>Gartenschau Sigmaringen<\/p>\n<p>10 Jahre Meisterland Holzgerlingen<\/p>\n<p>LDT Nagold<\/p>\n<p>Handwerkskammer Stuttgart<\/p>\n<p>Weinlaube Ludwigsburg<\/p>\n<p>VFL Sindelfingen<\/p>\n<p>Lauffener Weing\u00e4rtner &#8211; K\u00e4sbergfest<\/p>\n<p>Pferdemarkt Leonberg<\/p>\n<p>Musikverein \u00d6schelbronn (Aspenfest)<\/p>\n<p>Musikverein Simmozheim (Schlacht- und Truckerfest)<\/p>\n<p>Polarnacht B\u00f6blingen<\/p>\n<p>Schlemmermarkt Sindelfingen<\/p>\n<p>Fischmarkt Sindelfingen<\/p>\n<p>Schlemmen am See B\u00f6blingen<\/p>\n","protected":false},"excerpt":{"rendered":"<p>Referenzen: Ganz aktuelle Referenzen: Bj\u00f6rn Steiger Stiftung Hochdorfer Kronenbrauerei (Brauereifest) SV Affst\u00e4tt (Stadtfest Herrenberg) Freiwillige Feuerwehr G\u00e4ufelden (Feuerwehrfest) TV Nebringen (Jubil\u00e4um) Hofgut Dom\u00e4ne Hechingen Weinlaube Ludwigsburg Barista Herrenberg Pappelgarten Reutlingen Unsere zufriedenen Veranstaltungspartner (Long-List): After-Work-Party Herrenberg Charity-Gala, Herrenberg Filderkrautfest Echterdingen Stadtfest Stuttgart Stadtfest Herrenberg Stadtfest B\u00f6blingen Stadtfest Echterdingen Wirtefest N\u00fcrtingen Fa. Comsoft, Karlsruhe Kronenbrauerei Hochdorf, [&hellip;]<\/p>\n","protected":false},"author":1,"featured_media":0,"parent":530,"menu_order":10,"comment_status":"closed","ping_status":"closed","template":"","meta":{"_monsterinsights_skip_tracking":false,"_monsterinsights_sitenote_active":false,"_monsterinsights_sitenote_note":"","_monsterinsights_sitenote_category":0,"footnotes":""},"_links":{"self":[{"href":"https:\/\/www.4morefriends.de\/index.php?rest_route=\/wp\/v2\/pages\/37"}],"collection":[{"href":"https:\/\/www.4morefriends.de\/index.php?rest_route=\/wp\/v2\/pages"}],"about":[{"href":"https:\/\/www.4morefriends.de\/index.php?rest_route=\/wp\/v2\/types\/page"}],"author":[{"embeddable":true,"href":"https:\/\/www.4morefriends.de\/index.php?rest_route=\/wp\/v2\/users\/1"}],"replies":[{"embeddable":true,"href":"https:\/\/www.4morefriends.de\/index.php?rest_route=%2Fwp%2Fv2%2Fcomments&post=37"}],"version-history":[{"count":47,"href":"https:\/\/www.4morefriends.de\/index.php?rest_route=\/wp\/v2\/pages\/37\/revisions"}],"predecessor-version":[{"id":1273,"href":"https:\/\/www.4morefriends.de\/index.php?rest_route=\/wp\/v2\/pages\/37\/revisions\/1273"}],"up":[{"embeddable":true,"href":"https:\/\/www.4morefriends.de\/index.php?rest_route=\/wp\/v2\/pages\/530"}],"wp:attachment":[{"href":"https:\/\/www.4morefriends.de\/index.php?rest_route=%2Fwp%2Fv2%2Fmedia&parent=37"}],"curies":[{"name":"wp","href":"https:\/\/api.w.org\/{rel}","templated":true}]}}