{"id":5,"date":"2013-08-30T22:11:29","date_gmt":"2013-08-30T20:11:29","guid":{"rendered":"http:\/\/www.4morefriends.de\/?page_id=5"},"modified":"2023-11-03T10:59:54","modified_gmt":"2023-11-03T08:59:54","slug":"ueber-4-more-friends","status":"publish","type":"page","link":"https:\/\/www.4morefriends.de\/?page_id=5","title":{"rendered":"\u00dcber &#8222;4 more friends&#8220;"},"content":{"rendered":"<p><img decoding=\"async\" loading=\"lazy\" class=\"size-full wp-image-1209 aligncenter\" src=\"http:\/\/www.4morefriends.de\/wp-content\/uploads\/2022\/08\/Bandfoto_2022-SW-1.jpg\" alt=\"\" width=\"638\" height=\"777\" srcset=\"https:\/\/www.4morefriends.de\/wp-content\/uploads\/2022\/08\/Bandfoto_2022-SW-1.jpg 638w, https:\/\/www.4morefriends.de\/wp-content\/uploads\/2022\/08\/Bandfoto_2022-SW-1-246x300.jpg 246w\" sizes=\"(max-width: 638px) 100vw, 638px\" \/><\/p>\n<p>Die &#8222;4 more friends&#8220; spielen in dieser Besetzung nun schon \u00fcber 10 Jahre zusammen und k\u00f6nnen auf eine breite Erfahrung zur\u00fcckblicken. Ob eine gro\u00dfe Open-Air B\u00fchne an einem lauen Sommerabend, der sch\u00f6nste Abend f\u00fcr ein Hochzeitspaar, die Weihnachtsfeier f\u00fcr die Belegschaft oder einfach nur der eigene runde Geburtstag &#8211; die &#8222;4 more friends&#8220; treffen nicht nur den richtigen Ton, sondern auch die geeignete Songauswahl, um einen Auftritt zu einem unvergesslichen Erlebnis zu machen. Das Konzept der Cover-Band ist, das f\u00fcr das Publikum zu spielen, gemeinsam unvergessliche Stunden zu erleben und individuell auf die jeweilige Situation durch geeignete Songauswahl eingehen zu k\u00f6nnen. Dies unterscheidet diese Band von vielen anderen Bands, da alles 100% live gespielt wird und alle Musiker eine gro\u00dfe Flexibilit\u00e4t besitzen und eine gro\u00dfe Erfahrung mitbringen.<\/p>\n<p>Mit der Besetzung Julia D\u00fcrr am Gesang, sowie an der Gitarre Lorant Magyar, Michael Schennach als Bassist und Chris Seeger an den Drums, bietet die Band ein besonderes musikalisches Erlebnis. Da alle Musiker auch singen, ist f\u00fcr Abwechslung immer gesorgt und manche mehrstimmigen Arrangements gehen unter die Haut.<\/p>\n<p>Aber nicht nur als Cover-Band haben sich die &#8222;4 more friends&#8220; in einen \u00fcberregionalen Namen gemacht, seit vielen Jahren veranstalten die vier Musiker eine Charity Gala zugunsten eines sozialen Zwecks und bereiten f\u00fcr diese Abende immer ein ganz besonderes Programm vor.<\/p>\n","protected":false},"excerpt":{"rendered":"<p>Die &#8222;4 more friends&#8220; spielen in dieser Besetzung nun schon \u00fcber 10 Jahre zusammen und k\u00f6nnen auf eine breite Erfahrung zur\u00fcckblicken. Ob eine gro\u00dfe Open-Air B\u00fchne an einem lauen Sommerabend, der sch\u00f6nste Abend f\u00fcr ein Hochzeitspaar, die Weihnachtsfeier f\u00fcr die Belegschaft oder einfach nur der eigene runde Geburtstag &#8211; die &#8222;4 more friends&#8220; treffen nicht [&hellip;]<\/p>\n","protected":false},"author":1,"featured_media":0,"parent":0,"menu_order":2,"comment_status":"closed","ping_status":"closed","template":"","meta":{"_monsterinsights_skip_tracking":false,"_monsterinsights_sitenote_active":false,"_monsterinsights_sitenote_note":"","_monsterinsights_sitenote_category":0,"footnotes":""},"_links":{"self":[{"href":"https:\/\/www.4morefriends.de\/index.php?rest_route=\/wp\/v2\/pages\/5"}],"collection":[{"href":"https:\/\/www.4morefriends.de\/index.php?rest_route=\/wp\/v2\/pages"}],"about":[{"href":"https:\/\/www.4morefriends.de\/index.php?rest_route=\/wp\/v2\/types\/page"}],"author":[{"embeddable":true,"href":"https:\/\/www.4morefriends.de\/index.php?rest_route=\/wp\/v2\/users\/1"}],"replies":[{"embeddable":true,"href":"https:\/\/www.4morefriends.de\/index.php?rest_route=%2Fwp%2Fv2%2Fcomments&post=5"}],"version-history":[{"count":18,"href":"https:\/\/www.4morefriends.de\/index.php?rest_route=\/wp\/v2\/pages\/5\/revisions"}],"predecessor-version":[{"id":1246,"href":"https:\/\/www.4morefriends.de\/index.php?rest_route=\/wp\/v2\/pages\/5\/revisions\/1246"}],"wp:attachment":[{"href":"https:\/\/www.4morefriends.de\/index.php?rest_route=%2Fwp%2Fv2%2Fmedia&parent=5"}],"curies":[{"name":"wp","href":"https:\/\/api.w.org\/{rel}","templated":true}]}}